{"id":3859,"date":"2025-07-15T08:15:23","date_gmt":"2025-07-15T07:15:23","guid":{"rendered":"https:\/\/vzmeti-stupica.vsisi.si\/?page_id=3859"},"modified":"2025-12-17T10:36:30","modified_gmt":"2025-12-17T09:36:30","slug":"2d-und-3d-drahtbiegeteile","status":"publish","type":"page","link":"https:\/\/vzmeti-stupica.si\/de\/2d-und-3d-drahtbiegeteile\/","title":{"rendered":"2D- und 3D-Drahtbiegeteile"},"content":{"rendered":"\t\t<div data-elementor-type=\"wp-page\" data-elementor-id=\"3859\" class=\"elementor elementor-3859 elementor-1829\">\n\t\t\t\t\t\t<section class=\"elementor-section elementor-top-section elementor-element elementor-element-22391cf elementor-reverse-tablet elementor-reverse-mobile_extra elementor-reverse-mobile elementor-section-boxed elementor-section-height-default elementor-section-height-default\" data-id=\"22391cf\" data-element_type=\"section\" data-e-type=\"section\" data-settings=\"{&quot;wdt_bg_image&quot;:{&quot;url&quot;:&quot;&quot;,&quot;id&quot;:&quot;&quot;,&quot;size&quot;:&quot;&quot;},&quot;wdt_bg_image_laptop&quot;:{&quot;url&quot;:&quot;&quot;,&quot;id&quot;:&quot;&quot;,&quot;size&quot;:&quot;&quot;},&quot;wdt_bg_image_tablet_extra&quot;:{&quot;url&quot;:&quot;&quot;,&quot;id&quot;:&quot;&quot;,&quot;size&quot;:&quot;&quot;},&quot;wdt_bg_image_tablet&quot;:{&quot;url&quot;:&quot;&quot;,&quot;id&quot;:&quot;&quot;,&quot;size&quot;:&quot;&quot;},&quot;wdt_bg_image_mobile_extra&quot;:{&quot;url&quot;:&quot;&quot;,&quot;id&quot;:&quot;&quot;,&quot;size&quot;:&quot;&quot;},&quot;wdt_bg_image_mobile&quot;:{&quot;url&quot;:&quot;&quot;,&quot;id&quot;:&quot;&quot;,&quot;size&quot;:&quot;&quot;},&quot;wdt_bg_position&quot;:&quot;center center&quot;,&quot;wdt_animation_effect&quot;:&quot;none&quot;}\">\n\t\t\t\t\t\t<div class=\"elementor-container elementor-column-gap-no\">\n\t\t\t\t\t<div class=\"elementor-column elementor-col-100 elementor-top-column elementor-element elementor-element-28beedc\" data-id=\"28beedc\" data-element_type=\"column\" data-e-type=\"column\">\n\t\t\t<div class=\"elementor-widget-wrap elementor-element-populated\">\n\t\t\t\t\t\t<section class=\"elementor-section elementor-inner-section elementor-element elementor-element-162f643 elementor-section-full_width elementor-section-height-default elementor-section-height-default\" data-id=\"162f643\" data-element_type=\"section\" data-e-type=\"section\" data-settings=\"{&quot;wdt_bg_image&quot;:{&quot;url&quot;:&quot;&quot;,&quot;id&quot;:&quot;&quot;,&quot;size&quot;:&quot;&quot;},&quot;wdt_bg_image_laptop&quot;:{&quot;url&quot;:&quot;&quot;,&quot;id&quot;:&quot;&quot;,&quot;size&quot;:&quot;&quot;},&quot;wdt_bg_image_tablet_extra&quot;:{&quot;url&quot;:&quot;&quot;,&quot;id&quot;:&quot;&quot;,&quot;size&quot;:&quot;&quot;},&quot;wdt_bg_image_tablet&quot;:{&quot;url&quot;:&quot;&quot;,&quot;id&quot;:&quot;&quot;,&quot;size&quot;:&quot;&quot;},&quot;wdt_bg_image_mobile_extra&quot;:{&quot;url&quot;:&quot;&quot;,&quot;id&quot;:&quot;&quot;,&quot;size&quot;:&quot;&quot;},&quot;wdt_bg_image_mobile&quot;:{&quot;url&quot;:&quot;&quot;,&quot;id&quot;:&quot;&quot;,&quot;size&quot;:&quot;&quot;},&quot;wdt_bg_position&quot;:&quot;center center&quot;,&quot;wdt_animation_effect&quot;:&quot;none&quot;}\">\n\t\t\t\t\t\t<div class=\"elementor-container elementor-column-gap-no\">\n\t\t\t\t\t<div class=\"elementor-column elementor-col-50 elementor-inner-column elementor-element elementor-element-91c40dd\" data-id=\"91c40dd\" data-element_type=\"column\" data-e-type=\"column\">\n\t\t\t<div class=\"elementor-widget-wrap elementor-element-populated\">\n\t\t\t\t\t\t<div class=\"elementor-element elementor-element-5b073ea elementor-widget elementor-widget-image\" data-id=\"5b073ea\" data-element_type=\"widget\" data-e-type=\"widget\" data-settings=\"{&quot;wdt_animation_effect&quot;:&quot;none&quot;}\" data-widget_type=\"image.default\">\n\t\t\t\t<div class=\"elementor-widget-container\">\n\t\t\t\t\t\t\t\t\t\t\t\t\t\t\t<img fetchpriority=\"high\" decoding=\"async\" width=\"1200\" height=\"857\" src=\"https:\/\/vzmeti-stupica.si\/wp-content\/uploads\/2025\/07\/krivljeni-izdelki-iz-zice-02.jpg\" class=\"attachment-full size-full wp-image-3569\" alt=\"\" srcset=\"https:\/\/vzmeti-stupica.si\/wp-content\/uploads\/2025\/07\/krivljeni-izdelki-iz-zice-02.jpg 1200w, https:\/\/vzmeti-stupica.si\/wp-content\/uploads\/2025\/07\/krivljeni-izdelki-iz-zice-02-300x214.jpg 300w, https:\/\/vzmeti-stupica.si\/wp-content\/uploads\/2025\/07\/krivljeni-izdelki-iz-zice-02-1024x731.jpg 1024w, https:\/\/vzmeti-stupica.si\/wp-content\/uploads\/2025\/07\/krivljeni-izdelki-iz-zice-02-768x548.jpg 768w\" sizes=\"(max-width: 1200px) 100vw, 1200px\" title=\"\">\t\t\t\t\t\t\t\t\t\t\t\t\t\t\t<\/div>\n\t\t\t\t<\/div>\n\t\t\t\t<div class=\"elementor-element elementor-element-a4bde8c elementor-widget elementor-widget-image\" data-id=\"a4bde8c\" data-element_type=\"widget\" data-e-type=\"widget\" data-settings=\"{&quot;wdt_animation_effect&quot;:&quot;none&quot;}\" data-widget_type=\"image.default\">\n\t\t\t\t<div class=\"elementor-widget-container\">\n\t\t\t\t\t\t\t\t\t\t\t\t\t\t\t<img decoding=\"async\" width=\"1200\" height=\"856\" src=\"https:\/\/vzmeti-stupica.si\/wp-content\/uploads\/2025\/07\/krivljeni-izdelki-iz-zice-03.jpg\" class=\"attachment-full size-full wp-image-3571\" alt=\"\" srcset=\"https:\/\/vzmeti-stupica.si\/wp-content\/uploads\/2025\/07\/krivljeni-izdelki-iz-zice-03.jpg 1200w, https:\/\/vzmeti-stupica.si\/wp-content\/uploads\/2025\/07\/krivljeni-izdelki-iz-zice-03-300x214.jpg 300w, https:\/\/vzmeti-stupica.si\/wp-content\/uploads\/2025\/07\/krivljeni-izdelki-iz-zice-03-1024x730.jpg 1024w, https:\/\/vzmeti-stupica.si\/wp-content\/uploads\/2025\/07\/krivljeni-izdelki-iz-zice-03-768x548.jpg 768w\" sizes=\"(max-width: 1200px) 100vw, 1200px\" title=\"\">\t\t\t\t\t\t\t\t\t\t\t\t\t\t\t<\/div>\n\t\t\t\t<\/div>\n\t\t\t\t<div class=\"elementor-element elementor-element-9826450 elementor-widget elementor-widget-image\" data-id=\"9826450\" data-element_type=\"widget\" data-e-type=\"widget\" data-settings=\"{&quot;wdt_animation_effect&quot;:&quot;none&quot;}\" data-widget_type=\"image.default\">\n\t\t\t\t<div class=\"elementor-widget-container\">\n\t\t\t\t\t\t\t\t\t\t\t\t\t\t\t<img decoding=\"async\" width=\"1200\" height=\"857\" src=\"https:\/\/vzmeti-stupica.si\/wp-content\/uploads\/2025\/07\/krivljeni-izdelki-iz-zice-01.jpg\" class=\"attachment-full size-full wp-image-3567\" alt=\"\" srcset=\"https:\/\/vzmeti-stupica.si\/wp-content\/uploads\/2025\/07\/krivljeni-izdelki-iz-zice-01.jpg 1200w, https:\/\/vzmeti-stupica.si\/wp-content\/uploads\/2025\/07\/krivljeni-izdelki-iz-zice-01-300x214.jpg 300w, https:\/\/vzmeti-stupica.si\/wp-content\/uploads\/2025\/07\/krivljeni-izdelki-iz-zice-01-1024x731.jpg 1024w, https:\/\/vzmeti-stupica.si\/wp-content\/uploads\/2025\/07\/krivljeni-izdelki-iz-zice-01-768x548.jpg 768w\" sizes=\"(max-width: 1200px) 100vw, 1200px\" title=\"\">\t\t\t\t\t\t\t\t\t\t\t\t\t\t\t<\/div>\n\t\t\t\t<\/div>\n\t\t\t\t\t<\/div>\n\t\t<\/div>\n\t\t\t\t<div class=\"wdt-sticky-column elementor-column elementor-col-50 elementor-inner-column elementor-element elementor-element-e336443\" data-wdt-settings=\"{&quot;id&quot;:&quot;e336443&quot;,&quot;sticky&quot;:true,&quot;topSpacing&quot;:80,&quot;bottomSpacing&quot;:50,&quot;stickyOn&quot;:[&quot;desktop&quot;,&quot;laptop&quot;,&quot;tablet_extra&quot;,&quot;tablet&quot;],&quot;overflowHidden&quot;:false}\" data-id=\"e336443\" data-element_type=\"column\" data-e-type=\"column\">\n\t\t\t<div class=\"elementor-widget-wrap elementor-element-populated\">\n\t\t\t\t\t\t<div class=\"elementor-element elementor-element-51f4ec6 elementor-widget elementor-widget-wdt-heading\" data-id=\"51f4ec6\" data-element_type=\"widget\" data-e-type=\"widget\" data-settings=\"{&quot;wdt_animation_effect&quot;:&quot;none&quot;}\" data-widget_type=\"wdt-heading.default\">\n\t\t\t\t<div class=\"elementor-widget-container\">\n\t\t\t\t\t<div class=\"wdt-heading-holder \" id=\"wdt-heading-51f4ec6\"><h2 class=\"wdt-heading-title-wrapper wdt-heading-align-center wdt-heading-deco-wrapper\"><span class=\"wdt-heading-title\">2D- und 3D-Drahtbiegeteile<\/span><\/h2><\/div>\t\t\t\t<\/div>\n\t\t\t\t<\/div>\n\t\t\t\t<div class=\"elementor-element elementor-element-1d30b44 elementor-widget elementor-widget-text-editor\" data-id=\"1d30b44\" data-element_type=\"widget\" data-e-type=\"widget\" data-settings=\"{&quot;wdt_animation_effect&quot;:&quot;none&quot;}\" data-widget_type=\"text-editor.default\">\n\t\t\t\t<div class=\"elementor-widget-container\">\n\t\t\t\t\t\t\t\t\t<p><strong>Drahtdurchmesser: <\/strong><strong>0,2 \u2013 5,0 mm<\/strong><strong><br \/><\/strong><\/p><p><strong>Produktformen:<\/strong><\/p><ul><li>Federklammern<\/li><li>Federstecker<\/li><li>Federringe<\/li><li>2- und 3-dimensional gebogene Drahtteile nach Kundenzeichnung.<\/li><\/ul><p><strong>Materialien:<\/strong><\/p><ul><li>patentierte Federst\u00e4hle nach EN 10270-1<\/li><li>\u00f6lgeh\u00e4rtete Federst\u00e4hle nach EN 10270-2<\/li><li>rostfreie Federdr\u00e4hte nach EN 10270-3<\/li><li>verzinkte Federdr\u00e4hte<\/li><li>vernickelte Federdr\u00e4hte<\/li><li>Federbronze<\/li><\/ul><p><strong>Oberfl\u00e4chenbehandlung<\/strong><\/p><ul><li>Verzinken<\/li><li>Vernickeln<\/li><li>Phosphatieren<\/li><li>Br\u00fcnieren usw.<\/li><\/ul><p><strong>Zus\u00e4tzliche Bearbeitung:<\/strong><\/p><ul><li>W\u00e4rmebehandlung<\/li><li>Kugelgestrahlt<\/li><li>Entgraten<\/li><\/ul>\t\t\t\t\t\t\t\t<\/div>\n\t\t\t\t<\/div>\n\t\t\t\t\t<\/div>\n\t\t<\/div>\n\t\t\t\t\t<\/div>\n\t\t<\/section>\n\t\t\t\t\t<\/div>\n\t\t<\/div>\n\t\t\t\t\t<\/div>\n\t\t<\/section>\n\t\t\t\t<section class=\"elementor-section elementor-top-section elementor-element elementor-element-7dde446 elementor-section-boxed elementor-section-height-default elementor-section-height-default\" data-id=\"7dde446\" data-element_type=\"section\" data-e-type=\"section\" data-settings=\"{&quot;background_background&quot;:&quot;classic&quot;,&quot;wdt_bg_image&quot;:{&quot;url&quot;:&quot;&quot;,&quot;id&quot;:&quot;&quot;,&quot;size&quot;:&quot;&quot;},&quot;wdt_bg_image_laptop&quot;:{&quot;url&quot;:&quot;&quot;,&quot;id&quot;:&quot;&quot;,&quot;size&quot;:&quot;&quot;},&quot;wdt_bg_image_tablet_extra&quot;:{&quot;url&quot;:&quot;&quot;,&quot;id&quot;:&quot;&quot;,&quot;size&quot;:&quot;&quot;},&quot;wdt_bg_image_tablet&quot;:{&quot;url&quot;:&quot;&quot;,&quot;id&quot;:&quot;&quot;,&quot;size&quot;:&quot;&quot;},&quot;wdt_bg_image_mobile_extra&quot;:{&quot;url&quot;:&quot;&quot;,&quot;id&quot;:&quot;&quot;,&quot;size&quot;:&quot;&quot;},&quot;wdt_bg_image_mobile&quot;:{&quot;url&quot;:&quot;&quot;,&quot;id&quot;:&quot;&quot;,&quot;size&quot;:&quot;&quot;},&quot;wdt_bg_position&quot;:&quot;center center&quot;,&quot;wdt_animation_effect&quot;:&quot;none&quot;}\">\n\t\t\t\t\t\t<div class=\"elementor-container elementor-column-gap-no\">\n\t\t\t\t\t<div class=\"elementor-column elementor-col-66 elementor-top-column elementor-element elementor-element-f2fbeac\" data-id=\"f2fbeac\" data-element_type=\"column\" data-e-type=\"column\" data-settings=\"{&quot;background_background&quot;:&quot;gradient&quot;}\">\n\t\t\t<div class=\"elementor-widget-wrap elementor-element-populated\">\n\t\t\t\t\t\t<div class=\"elementor-element elementor-element-4114fb9 start elementor-widget__width-inherit elementor-widget elementor-widget-wdt-heading\" data-id=\"4114fb9\" data-element_type=\"widget\" data-e-type=\"widget\" data-settings=\"{&quot;wdt_animation_effect&quot;:&quot;none&quot;}\" data-widget_type=\"wdt-heading.default\">\n\t\t\t\t<div class=\"elementor-widget-container\">\n\t\t\t\t\t<div class=\"wdt-heading-holder \" id=\"wdt-heading-4114fb9\"><h2 class=\"wdt-heading-title-wrapper wdt-heading-align-center wdt-heading-deco-wrapper\"><span class=\"wdt-heading-title\">Haben Sie eine Frage?<\/span><\/h2><\/div>\t\t\t\t<\/div>\n\t\t\t\t<\/div>\n\t\t\t\t<div class=\"elementor-element elementor-element-7603378 elementor-widget__width-inherit elementor-widget elementor-widget-text-editor\" data-id=\"7603378\" data-element_type=\"widget\" data-e-type=\"widget\" data-settings=\"{&quot;wdt_animation_effect&quot;:&quot;none&quot;}\" data-widget_type=\"text-editor.default\">\n\t\t\t\t<div class=\"elementor-widget-container\">\n\t\t\t\t\t\t\t\t\t<p>Klicken Sie auf die Schaltfl\u00e4che rechts und senden Sie uns eine Nachricht oder rufen Sie uns an.<\/p>\t\t\t\t\t\t\t\t<\/div>\n\t\t\t\t<\/div>\n\t\t\t\t\t<\/div>\n\t\t<\/div>\n\t\t\t\t<div class=\"elementor-column elementor-col-33 elementor-top-column elementor-element elementor-element-64a3bca\" data-id=\"64a3bca\" data-element_type=\"column\" data-e-type=\"column\" data-settings=\"{&quot;background_background&quot;:&quot;gradient&quot;}\">\n\t\t\t<div class=\"elementor-widget-wrap elementor-element-populated\">\n\t\t\t\t\t\t<div class=\"elementor-element elementor-element-59c3789 elementor-align-right elementor-widget__width-inherit elementor-widget elementor-widget-button\" data-id=\"59c3789\" data-element_type=\"widget\" data-e-type=\"widget\" data-settings=\"{&quot;wdt_animation_effect&quot;:&quot;none&quot;}\" data-widget_type=\"button.default\">\n\t\t\t\t<div class=\"elementor-widget-container\">\n\t\t\t\t\t\t\t\t\t<div class=\"elementor-button-wrapper\">\n\t\t\t\t\t<a class=\"elementor-button elementor-button-link elementor-size-sm\" href=\"\/de\/kontakte\/\">\n\t\t\t\t\t\t<span class=\"elementor-button-content-wrapper\">\n\t\t\t\t\t\t\t\t\t<span class=\"elementor-button-text\">Kontakt<\/span>\n\t\t\t\t\t<\/span>\n\t\t\t\t\t<\/a>\n\t\t\t\t<\/div>\n\t\t\t\t\t\t\t\t<\/div>\n\t\t\t\t<\/div>\n\t\t\t\t\t<\/div>\n\t\t<\/div>\n\t\t\t\t\t<\/div>\n\t\t<\/section>\n\t\t\t\t<section class=\"elementor-section elementor-top-section elementor-element elementor-element-306f9d8 elementor-hidden-desktop elementor-hidden-laptop elementor-hidden-tablet_extra elementor-hidden-tablet elementor-hidden-mobile_extra elementor-hidden-mobile elementor-section-boxed elementor-section-height-default elementor-section-height-default\" data-id=\"306f9d8\" data-element_type=\"section\" data-e-type=\"section\" data-settings=\"{&quot;wdt_bg_image&quot;:{&quot;url&quot;:&quot;&quot;,&quot;id&quot;:&quot;&quot;,&quot;size&quot;:&quot;&quot;},&quot;wdt_bg_image_laptop&quot;:{&quot;url&quot;:&quot;&quot;,&quot;id&quot;:&quot;&quot;,&quot;size&quot;:&quot;&quot;},&quot;wdt_bg_image_tablet_extra&quot;:{&quot;url&quot;:&quot;&quot;,&quot;id&quot;:&quot;&quot;,&quot;size&quot;:&quot;&quot;},&quot;wdt_bg_image_tablet&quot;:{&quot;url&quot;:&quot;&quot;,&quot;id&quot;:&quot;&quot;,&quot;size&quot;:&quot;&quot;},&quot;wdt_bg_image_mobile_extra&quot;:{&quot;url&quot;:&quot;&quot;,&quot;id&quot;:&quot;&quot;,&quot;size&quot;:&quot;&quot;},&quot;wdt_bg_image_mobile&quot;:{&quot;url&quot;:&quot;&quot;,&quot;id&quot;:&quot;&quot;,&quot;size&quot;:&quot;&quot;},&quot;wdt_bg_position&quot;:&quot;center center&quot;,&quot;wdt_animation_effect&quot;:&quot;none&quot;}\">\n\t\t\t\t\t\t<div class=\"elementor-container elementor-column-gap-no\">\n\t\t\t\t\t<div class=\"elementor-column elementor-col-100 elementor-top-column elementor-element elementor-element-cd82744\" data-id=\"cd82744\" data-element_type=\"column\" data-e-type=\"column\">\n\t\t\t<div class=\"elementor-widget-wrap elementor-element-populated\">\n\t\t\t\t\t\t<div class=\"elementor-element elementor-element-db1c6a4 custom-heading-2 center elementor-widget elementor-widget-wdt-heading\" data-id=\"db1c6a4\" data-element_type=\"widget\" data-e-type=\"widget\" data-settings=\"{&quot;separator_background_background&quot;:&quot;classic&quot;,&quot;wdt_animation_effect&quot;:&quot;none&quot;}\" data-widget_type=\"wdt-heading.default\">\n\t\t\t\t<div class=\"elementor-widget-container\">\n\t\t\t\t\t<div class=\"wdt-heading-holder \" id=\"wdt-heading-db1c6a4\"><div class=\"wdt-heading-subtitle-wrapper wdt-heading-align-center \"><span class=\"wdt-heading-subtitle\">Our Partners <\/span><\/div><h2 class=\"wdt-heading-title-wrapper wdt-heading-align-center wdt-heading-deco-wrapper\"><span class=\"wdt-heading-title\">Joint-Venture Partner<\/span><\/h2><\/div>\t\t\t\t<\/div>\n\t\t\t\t<\/div>\n\t\t\t\t<div class=\"elementor-element elementor-element-b8ed5be wdt-custom-marquee elementor-widget elementor-widget-wdt-animation\" data-id=\"b8ed5be\" data-element_type=\"widget\" data-e-type=\"widget\" data-settings=\"{&quot;wdt_mqa_padding&quot;:{&quot;unit&quot;:&quot;dpt&quot;,&quot;size&quot;:0,&quot;sizes&quot;:[]},&quot;wdt_mqa_direction&quot;:&quot;left-to-right&quot;,&quot;wdt_mqa_bound_to&quot;:&quot;section&quot;,&quot;wdt_mqa_speed&quot;:{&quot;unit&quot;:&quot;dpt&quot;,&quot;size&quot;:2,&quot;sizes&quot;:[]},&quot;wdt_animation_effect&quot;:&quot;none&quot;}\" data-widget_type=\"wdt-animation.default\">\n\t\t\t\t<div class=\"elementor-widget-container\">\n\t\t\t\t\t<div class=\"wdt-animation-holder \" id=\"wdt-animation-b8ed5be\" data-settings=\"{&quot;direction&quot;:&quot;left-to-right&quot;,&quot;bound_to&quot;:&quot;section&quot;,&quot;speed&quot;:{&quot;unit&quot;:&quot;dpt&quot;,&quot;size&quot;:2,&quot;sizes&quot;:[]},&quot;padding&quot;:{&quot;unit&quot;:&quot;dpt&quot;,&quot;size&quot;:0,&quot;sizes&quot;:[]}}\"><div class=\"wdt-animation-wrapper\"><div class=\"wdt-animation-item image-item\"><a href=\"#\"><img decoding=\"async\" src=\"https:\/\/vzmeti-stupica.si\/wp-content\/themes\/indusri\/ocdi\/uploads\/2023\/08\/brand-05.png\" title=\"\" alt=\"\" loading=\"lazy\"><\/a><\/div><div class=\"wdt-animation-item image-item\"><a href=\"#\"><img decoding=\"async\" src=\"https:\/\/vzmeti-stupica.si\/wp-content\/themes\/indusri\/ocdi\/uploads\/2023\/08\/brand-08.png\" title=\"\" alt=\"\" loading=\"lazy\"><\/a><\/div><div class=\"wdt-animation-item image-item\"><a href=\"#\"><img decoding=\"async\" src=\"https:\/\/vzmeti-stupica.si\/wp-content\/themes\/indusri\/ocdi\/uploads\/2023\/07\/brand-3.png\" title=\"\" alt=\"\" loading=\"lazy\"><\/a><\/div><div class=\"wdt-animation-item image-item\"><a href=\"#\"><img decoding=\"async\" src=\"https:\/\/vzmeti-stupica.si\/wp-content\/themes\/indusri\/ocdi\/uploads\/2023\/07\/brand-1.png\" title=\"\" alt=\"\" loading=\"lazy\"><\/a><\/div><div class=\"wdt-animation-item image-item\"><a href=\"#\"><img decoding=\"async\" src=\"https:\/\/vzmeti-stupica.si\/wp-content\/themes\/indusri\/ocdi\/uploads\/2023\/07\/brand-7.png\" title=\"\" alt=\"\" loading=\"lazy\"><\/a><\/div><div class=\"wdt-animation-item image-item\"><a href=\"#\"><img decoding=\"async\" src=\"https:\/\/vzmeti-stupica.si\/wp-content\/themes\/indusri\/ocdi\/uploads\/2023\/07\/brand-6.png\" title=\"\" alt=\"\" loading=\"lazy\"><\/a><\/div><div class=\"wdt-animation-item image-item\"><a href=\"#\"><img decoding=\"async\" src=\"https:\/\/vzmeti-stupica.si\/wp-content\/themes\/indusri\/ocdi\/uploads\/2023\/07\/brand-5.png\" title=\"\" alt=\"\" loading=\"lazy\"><\/a><\/div><div class=\"wdt-animation-item image-item\"><a href=\"#\"><img decoding=\"async\" src=\"https:\/\/vzmeti-stupica.si\/wp-content\/themes\/indusri\/ocdi\/uploads\/2023\/07\/brand-2.png\" title=\"\" alt=\"\" loading=\"lazy\"><\/a><\/div><\/div><\/div>\t\t\t\t<\/div>\n\t\t\t\t<\/div>\n\t\t\t\t<div class=\"elementor-element elementor-element-f391bd5 wdt-custom-marquee elementor-widget elementor-widget-wdt-animation\" data-id=\"f391bd5\" data-element_type=\"widget\" data-e-type=\"widget\" data-settings=\"{&quot;wdt_mqa_direction&quot;:&quot;right-to-left&quot;,&quot;wdt_mqa_padding&quot;:{&quot;unit&quot;:&quot;dpt&quot;,&quot;size&quot;:0,&quot;sizes&quot;:[]},&quot;wdt_mqa_bound_to&quot;:&quot;section&quot;,&quot;wdt_mqa_speed&quot;:{&quot;unit&quot;:&quot;dpt&quot;,&quot;size&quot;:2,&quot;sizes&quot;:[]},&quot;wdt_animation_effect&quot;:&quot;none&quot;}\" data-widget_type=\"wdt-animation.default\">\n\t\t\t\t<div class=\"elementor-widget-container\">\n\t\t\t\t\t<div class=\"wdt-animation-holder \" id=\"wdt-animation-f391bd5\" data-settings=\"{&quot;direction&quot;:&quot;right-to-left&quot;,&quot;bound_to&quot;:&quot;section&quot;,&quot;speed&quot;:{&quot;unit&quot;:&quot;dpt&quot;,&quot;size&quot;:2,&quot;sizes&quot;:[]},&quot;padding&quot;:{&quot;unit&quot;:&quot;dpt&quot;,&quot;size&quot;:0,&quot;sizes&quot;:[]}}\"><div class=\"wdt-animation-wrapper\"><div class=\"wdt-animation-item image-item\"><a href=\"#\"><img decoding=\"async\" src=\"https:\/\/vzmeti-stupica.si\/wp-content\/themes\/indusri\/ocdi\/uploads\/2023\/08\/brand-05.png\" title=\"\" alt=\"\" loading=\"lazy\"><\/a><\/div><div class=\"wdt-animation-item image-item\"><a href=\"#\"><img decoding=\"async\" src=\"https:\/\/vzmeti-stupica.si\/wp-content\/themes\/indusri\/ocdi\/uploads\/2023\/08\/brand-08.png\" title=\"\" alt=\"\" loading=\"lazy\"><\/a><\/div><div class=\"wdt-animation-item image-item\"><a href=\"#\"><img decoding=\"async\" src=\"https:\/\/vzmeti-stupica.si\/wp-content\/themes\/indusri\/ocdi\/uploads\/2023\/07\/brand-3.png\" title=\"\" alt=\"\" loading=\"lazy\"><\/a><\/div><div class=\"wdt-animation-item image-item\"><a href=\"#\"><img decoding=\"async\" src=\"https:\/\/vzmeti-stupica.si\/wp-content\/themes\/indusri\/ocdi\/uploads\/2023\/07\/brand-1.png\" title=\"\" alt=\"\" loading=\"lazy\"><\/a><\/div><div class=\"wdt-animation-item image-item\"><a href=\"#\"><img decoding=\"async\" src=\"https:\/\/vzmeti-stupica.si\/wp-content\/themes\/indusri\/ocdi\/uploads\/2023\/07\/brand-7.png\" title=\"\" alt=\"\" loading=\"lazy\"><\/a><\/div><div class=\"wdt-animation-item image-item\"><a href=\"#\"><img decoding=\"async\" src=\"https:\/\/vzmeti-stupica.si\/wp-content\/themes\/indusri\/ocdi\/uploads\/2023\/07\/brand-6.png\" title=\"\" alt=\"\" loading=\"lazy\"><\/a><\/div><div class=\"wdt-animation-item image-item\"><a href=\"#\"><img decoding=\"async\" src=\"https:\/\/vzmeti-stupica.si\/wp-content\/themes\/indusri\/ocdi\/uploads\/2023\/07\/brand-5.png\" title=\"\" alt=\"\" loading=\"lazy\"><\/a><\/div><div class=\"wdt-animation-item image-item\"><a href=\"#\"><img decoding=\"async\" src=\"https:\/\/vzmeti-stupica.si\/wp-content\/themes\/indusri\/ocdi\/uploads\/2023\/07\/brand-2.png\" title=\"\" alt=\"\" loading=\"lazy\"><\/a><\/div><\/div><\/div>\t\t\t\t<\/div>\n\t\t\t\t<\/div>\n\t\t\t\t\t<\/div>\n\t\t<\/div>\n\t\t\t\t\t<\/div>\n\t\t<\/section>\n\t\t\t\t<\/div>\n\t\t","protected":false},"excerpt":{"rendered":"<p>2D- und 3D-Drahtbiegeteile Drahtdurchmesser: 0,2 \u2013 5,0 mm Produktformen: Federklammern Federstecker Federringe 2- und 3-dimensional gebogene Drahtteile nach Kundenzeichnung. Materialien: patentierte Federst\u00e4hle nach EN 10270-1 \u00f6lgeh\u00e4rtete Federst\u00e4hle nach EN 10270-2 rostfreie Federdr\u00e4hte nach EN 10270-3 verzinkte Federdr\u00e4hte vernickelte Federdr\u00e4hte Federbronze Oberfl\u00e4chenbehandlung Verzinken Vernickeln Phosphatieren Br\u00fcnieren usw. Zus\u00e4tzliche Bearbeitung: W\u00e4rmebehandlung Kugelgestrahlt Entgraten Haben Sie eine Frage? [&hellip;]<\/p>\n","protected":false},"author":1,"featured_media":0,"parent":0,"menu_order":0,"comment_status":"closed","ping_status":"closed","template":"elementor_header_footer","meta":{"footnotes":""},"class_list":["post-3859","page","type-page","status-publish","hentry"],"_links":{"self":[{"href":"https:\/\/vzmeti-stupica.si\/de\/wp-json\/wp\/v2\/pages\/3859","targetHints":{"allow":["GET"]}}],"collection":[{"href":"https:\/\/vzmeti-stupica.si\/de\/wp-json\/wp\/v2\/pages"}],"about":[{"href":"https:\/\/vzmeti-stupica.si\/de\/wp-json\/wp\/v2\/types\/page"}],"author":[{"embeddable":true,"href":"https:\/\/vzmeti-stupica.si\/de\/wp-json\/wp\/v2\/users\/1"}],"replies":[{"embeddable":true,"href":"https:\/\/vzmeti-stupica.si\/de\/wp-json\/wp\/v2\/comments?post=3859"}],"version-history":[{"count":11,"href":"https:\/\/vzmeti-stupica.si\/de\/wp-json\/wp\/v2\/pages\/3859\/revisions"}],"predecessor-version":[{"id":4059,"href":"https:\/\/vzmeti-stupica.si\/de\/wp-json\/wp\/v2\/pages\/3859\/revisions\/4059"}],"wp:attachment":[{"href":"https:\/\/vzmeti-stupica.si\/de\/wp-json\/wp\/v2\/media?parent=3859"}],"curies":[{"name":"wp","href":"https:\/\/api.w.org\/{rel}","templated":true}]}}